{"id":15,"date":"2016-03-29T17:11:18","date_gmt":"2016-03-29T15:11:18","guid":{"rendered":"http:\/\/www.nicole-kinzl.at\/wordpress\/?page_id=15"},"modified":"2021-06-09T14:31:29","modified_gmt":"2021-06-09T12:31:29","slug":"ueber-mich","status":"publish","type":"page","link":"http:\/\/www.nicole-kinzl.at\/?page_id=15","title":{"rendered":"\u00dcber mich"},"content":{"rendered":"<div>\n<p class=\"headline\"><span style=\"color: #993300;\">Mag. Nicole Kinzl<img loading=\"lazy\" class=\"size-medium wp-image-30 alignright\" src=\"http:\/\/www.nicole-kinzl.at\/wordpress\/wp-content\/uploads\/2016\/03\/nicole-300x300.jpg\" alt=\"nicole\" width=\"300\" height=\"300\" srcset=\"http:\/\/www.nicole-kinzl.at\/wordpress\/wp-content\/uploads\/2016\/03\/nicole-300x300.jpg 300w, http:\/\/www.nicole-kinzl.at\/wordpress\/wp-content\/uploads\/2016\/03\/nicole-150x150.jpg 150w, http:\/\/www.nicole-kinzl.at\/wordpress\/wp-content\/uploads\/2016\/03\/nicole.jpg 564w\" sizes=\"(max-width: 300px) 100vw, 300px\" \/><\/span><br \/>\n<span style=\"color: #993300;\"> geboren 8. Februar 1967<\/span><br \/>\n<span style=\"color: #993300;\"> in Eisenerz in der Steiermark<\/span><\/p>\n<p class=\"cop\u00fcy\"><strong><span style=\"color: #993300;\">1972 &#8211; 1979<br \/>\n<\/span><\/strong><span style=\"color: #993300;\">Ballett-Ausbildung an der Staatsoper Wien<\/span><\/p>\n<p class=\"cop\u00fcy\"><span style=\"color: #993300;\"><strong>1985 -1993<\/strong><\/span><br \/>\n<span style=\"color: #993300;\"> Studium der Sportwissenschaften, Universit\u00e4t Wien,<\/span><br \/>\n<span style=\"color: #993300;\"> Schwerpunkt Pr\u00e4vention,<\/span><br \/>\n<span style=\"color: #993300;\"> Recreation und Rehabilitation<\/span><\/p>\n<p class=\"cop\u00fcy\"><strong><span style=\"color: #993300;\">seit 1987<\/span><\/strong><br \/>\n<span style=\"color: #993300;\"> Trainerfunktion in Gruppen- und Einzelbetreuung im Fitnessbereich<\/span><\/p>\n<p class=\"cop\u00fcy\"><strong><span style=\"color: #993300;\">1991 -1993<\/span><\/strong><br \/>\n<span style=\"color: #993300;\"> Berufspraktikum als Sportwissenschaftliche Trainingstherapeutin an der physikalischen Abteilung am Sanatorium D\u00f6bling in Wien<\/span><\/p>\n<p class=\"cop\u00fcy\"><strong><span style=\"color: #993300;\">1993 -1994<\/span><\/strong><br \/>\n<span style=\"color: #993300;\"> Ausbildung in Tui-Na (traditionelle chinesische Massage)<\/span><br \/>\n<span style=\"color: #993300;\"> bei Dr. Alexander Meng in Wien<\/span><\/p>\n<p class=\"cop\u00fcy\"><strong><span style=\"color: #993300;\">1993-1995<\/span><\/strong><br \/>\n<span style=\"color: #993300;\"> Mitarbeit in der Praxisgemeinschaft GSB spezialisiert auf Rehabilitation von Profisportlern<\/span><\/p>\n<p class=\"cop\u00fcy\"><strong><span style=\"color: #993300;\">1996<\/span><\/strong><br \/>\n<span style=\"color: #993300;\"> Ausbildung in Craniosacral-Osteopathie bei Dr. Joelle Aim\u00e9e Toulouse<\/span><\/p>\n<p class=\"cop\u00fcy\"><strong><span style=\"color: #993300;\">1999 &#8211; 2000<\/span><\/strong><br \/>\n<span style=\"color: #993300;\"> Ausbildung in Akupunktmassage nach Penzel in \u00d6sterreich und\u00a0Deutschland<\/span><\/p>\n<p class=\"cop\u00fcy\"><strong><span style=\"color: #993300;\">2000 &#8211; 2004<\/span><\/strong><br \/>\n<span style=\"color: #993300;\"> Ortho-Bionomy\u00ae in \u00d6sterreich und Italien<\/span><\/p>\n<p class=\"cop\u00fcy\"><strong><span style=\"color: #993300;\">2008<\/span><\/strong><br \/>\n<span style=\"color: #993300;\"> Transcranialtherapie Tyschenko\u00ae am Medizinischen Institut von<\/span><br \/>\n<span style=\"color: #993300;\"> Sverdlowsk exklusiv bei Dr. Valery V. Tyschenko in Russland\/Ekaterinburg<\/span><\/p>\n<div><strong><span style=\"color: #993300;\">seit 2011<\/span><\/strong><br \/>\n<span style=\"color: #993300;\"> Seminart\u00e4tigkeit und Vortr\u00e4ge f\u00fcr die Transcranialtherapie und<\/span><\/div>\n<div><span style=\"color: #993300;\">Visusvaleologie im In- und Ausland<\/span><\/div>\n<\/div>\n<div><\/div>\n<div>\n<div><strong><span style=\"color: #993300;\">seit 2013<\/span><\/strong><br \/>\n<span style=\"color: #993300;\"><em>stressless eyes<\/em> &#8211; Seminart\u00e4tigkeit und Training f\u00fcr Einzelperson<\/span><span style=\"color: #993300;\">en und Gruppen \u00a0<\/span><\/div>\n<div><\/div>\n<\/div>\n<div>\n<div><strong><span style=\"color: #993300;\">seit 2015<\/span><\/strong><br \/>\n<span style=\"color: #993300;\"><em>NICOSTHERAPY\u00ae <\/em>&#8211; Gr\u00fcndung der Aus- und Weiterbildungsakademie<em>\u00a0&#8211;<br \/>\n<\/em>Seminart\u00e4tigkeit und Vortr\u00e4ge f\u00fcrTrainer im In- und Ausland<\/span><\/div>\n<\/div>\n<div><\/div>\n<div><span style=\"color: #993300;\">Ich bin Mutter von 3 Kindern und lebe mit meiner Familie in Jettsdorf am<\/span><\/div>\n<div><span style=\"color: #993300;\">Kamp.\u00a0Ich arbeite in meiner Praxis in Wien und in Nieder\u00f6sterreich<\/span><\/div>\n","protected":false},"excerpt":{"rendered":"<p>Mag. Nicole Kinzl geboren 8. Februar 1967 in Eisenerz in der Steiermark 1972 &#8211; 1979 Ballett-Ausbildung an der Staatsoper Wien 1985 -1993 Studium der Sportwissenschaften, Universit\u00e4t Wien, Schwerpunkt Pr\u00e4vention, Recreation und Rehabilitation seit 1987 Trainerfunktion in Gruppen- und Einzelbetreuung im Fitnessbereich 1991 -1993 Berufspraktikum als Sportwissenschaftliche Trainingstherapeutin an der physikalischen Abteilung am Sanatorium D\u00f6bling in &hellip; <a href=\"http:\/\/www.nicole-kinzl.at\/?page_id=15\" class=\"more-link\"><span class=\"screen-reader-text\">\u00dcber mich<\/span> weiterlesen <span class=\"meta-nav\">&rarr;<\/span><\/a><\/p>\n","protected":false},"author":1,"featured_media":0,"parent":0,"menu_order":0,"comment_status":"closed","ping_status":"closed","template":"","meta":[],"_links":{"self":[{"href":"http:\/\/www.nicole-kinzl.at\/index.php?rest_route=\/wp\/v2\/pages\/15"}],"collection":[{"href":"http:\/\/www.nicole-kinzl.at\/index.php?rest_route=\/wp\/v2\/pages"}],"about":[{"href":"http:\/\/www.nicole-kinzl.at\/index.php?rest_route=\/wp\/v2\/types\/page"}],"author":[{"embeddable":true,"href":"http:\/\/www.nicole-kinzl.at\/index.php?rest_route=\/wp\/v2\/users\/1"}],"replies":[{"embeddable":true,"href":"http:\/\/www.nicole-kinzl.at\/index.php?rest_route=%2Fwp%2Fv2%2Fcomments&post=15"}],"version-history":[{"count":17,"href":"http:\/\/www.nicole-kinzl.at\/index.php?rest_route=\/wp\/v2\/pages\/15\/revisions"}],"predecessor-version":[{"id":120,"href":"http:\/\/www.nicole-kinzl.at\/index.php?rest_route=\/wp\/v2\/pages\/15\/revisions\/120"}],"wp:attachment":[{"href":"http:\/\/www.nicole-kinzl.at\/index.php?rest_route=%2Fwp%2Fv2%2Fmedia&parent=15"}],"curies":[{"name":"wp","href":"https:\/\/api.w.org\/{rel}","templated":true}]}}